{"id":76,"date":"2025-03-03T17:38:04","date_gmt":"2025-03-03T16:38:04","guid":{"rendered":"http:\/\/www.elleci.net\/?page_id=76"},"modified":"2026-02-09T18:36:25","modified_gmt":"2026-02-09T17:36:25","slug":"gadget","status":"publish","type":"page","link":"http:\/\/www.elleci.net\/?page_id=76","title":{"rendered":"gadget ecosostenibili"},"content":{"rendered":"\n<div class=\"wp-block-cover is-light lemmony-parallax\" style=\"padding-top:var(--wp--preset--spacing--70);padding-right:0;padding-bottom:var(--wp--preset--spacing--70);padding-left:0;min-height:602px;aspect-ratio:unset;\"><img loading=\"lazy\" decoding=\"async\" width=\"2560\" height=\"1707\" class=\"wp-block-cover__image-background wp-image-331\" alt=\"\" src=\"http:\/\/www.elleci.net\/wp-content\/uploads\/2025\/04\/energy-saving-bulb-desk-formwork-scaled.jpg\" data-object-fit=\"cover\" srcset=\"http:\/\/www.elleci.net\/wp-content\/uploads\/2025\/04\/energy-saving-bulb-desk-formwork-scaled.jpg 2560w, http:\/\/www.elleci.net\/wp-content\/uploads\/2025\/04\/energy-saving-bulb-desk-formwork-300x200.jpg 300w, http:\/\/www.elleci.net\/wp-content\/uploads\/2025\/04\/energy-saving-bulb-desk-formwork-1024x683.jpg 1024w, http:\/\/www.elleci.net\/wp-content\/uploads\/2025\/04\/energy-saving-bulb-desk-formwork-768x512.jpg 768w, http:\/\/www.elleci.net\/wp-content\/uploads\/2025\/04\/energy-saving-bulb-desk-formwork-1536x1024.jpg 1536w, http:\/\/www.elleci.net\/wp-content\/uploads\/2025\/04\/energy-saving-bulb-desk-formwork-2048x1365.jpg 2048w\" sizes=\"auto, (max-width: 2560px) 100vw, 2560px\" \/><span aria-hidden=\"true\" class=\"wp-block-cover__background has-primary-background-color has-background-dim-0 has-background-dim\"><\/span><div class=\"wp-block-cover__inner-container is-layout-flow wp-block-cover-is-layout-flow\">\n<div class=\"wp-block-group has-body-color has-text-color has-global-padding is-layout-constrained wp-container-core-group-is-layout-c19476fc wp-block-group-is-layout-constrained\">\n<h1 class=\"wp-block-heading has-text-align-center lemmony-animation lemmonyFadeInUp has-body-alt-color has-text-color has-link-color has-huge-plus-font-size wp-elements-f56dcc2beb43334c35574fcd9b454658\" style=\"--lemmony-animation-name:lemmonyFadeInUp\">Gadget Ecosostenibili<\/h1>\n\n\n\n<p class=\"has-text-align-center lemmony-animation lemmonyFadeInUp has-medium-font-size lemmony-animation\" style=\"--lemmony-animation-name:lemmonyFadeInUp;animation-delay:var(--lemmony-delay-xsmall)\">Il Futuro del Pianeta passa da scelte consapevoli<\/p>\n<\/div>\n<\/div><\/div>\n\n\n\n<div class=\"wp-block-group alignwide has-global-padding is-layout-constrained wp-container-core-group-is-layout-3a25028c wp-block-group-is-layout-constrained\" style=\"margin-top:0;margin-bottom:0;padding-top:var(--wp--preset--spacing--70);padding-bottom:var(--wp--preset--spacing--70)\">\n<div class=\"wp-block-columns alignwide is-layout-flex wp-container-core-columns-is-layout-960809ea wp-block-columns-is-layout-flex\" style=\"padding-right:0;padding-left:0\">\n<div class=\"wp-block-column is-layout-flow wp-container-core-column-is-layout-119bc444 wp-block-column-is-layout-flow\">\n<div class=\"wp-block-group lemmony-animation has-global-padding is-layout-constrained wp-container-core-group-is-layout-6eca781a wp-block-group-is-layout-constrained\" style=\"border-radius:24px;padding-top:40px;padding-right:0;padding-bottom:40px;padding-left:0;--lemmony-animation-name:lemmonyFadeIn\">\n<div class=\"wp-block-columns is-layout-flex wp-container-core-columns-is-layout-87beb0d0 wp-block-columns-is-layout-flex\">\n<div class=\"wp-block-column is-layout-flow wp-block-column-is-layout-flow\" style=\"flex-basis:36px\">\n<div class=\"wp-block-lemmony-companion-icon has-medium-plus-font-size\"><div class=\"lemmony-icon-wrapper\"><svg xmlns=\"http:\/\/www.w3.org\/2000\/svg\" viewBox=\"0 0 32 32\" data-reactroot=\"\"><path d=\"M19.639,30.245H6.504c-2.757,0-5-2.243-5-5v-0.508c-0.005-0.06-0.005-0.118,0-0.178V12.111c0-2.757,2.243-5,5-5h13.135 c2.757,0,5,2.243,5,5v12.026c0.001,0.029,0.001,0.059,0,0.088v1.021C24.639,28.002,22.396,30.245,19.639,30.245z M3.504,25.064 v0.182c0,1.654,1.346,3,3,3h13.135c1.654,0,3-1.346,3-3v-0.651l-6.561-6.561l-5.165,5.165l0,0 c-0.001,0.004-0.001,0.002-0.002,0.002c0,0.001,0-0.001-0.002,0.003c0,0,0.002,0.005-0.002,0.002l0,0.001 c-0.002,0-0.003,0.002-0.002,0.002c0,0.001-0.001,0.001-0.002,0.002l0,0c-0.001,0.001-0.001,0.001-0.002,0.002c0,0,0,0,0,0 c-0.392,0.377-1.014,0.373-1.4-0.014c-0.001-0.001-0.002-0.002-0.002-0.003l-2.028-2.028L3.504,25.064z M6.504,9.111 c-1.654,0-3,1.346-3,3v10.148l3.269-3.213c0.392-0.385,1.021-0.383,1.408,0.006l2.025,2.025l5.165-5.165 c0.391-0.391,1.023-0.391,1.414,0l5.854,5.854v-9.655c0-1.654-1.346-3-3-3H6.504z M29.5,20.798c-0.553,0-1-0.447-1-1V7.755 c0-2.206-1.794-4-4-4H12.447c-0.552,0-1-0.448-1-1s0.448-1,1-1H24.5c3.309,0,6,2.691,6,6v12.043 C30.5,20.351,30.053,20.798,29.5,20.798z M8.785,12.201c-1.049,0-1.9,0.85-1.9,1.9s0.85,1.9,1.9,1.9s1.9-0.85,1.9-1.9 S9.834,12.201,8.785,12.201z\"><\/path><\/svg><\/div><\/div>\n<\/div>\n\n\n\n<div class=\"wp-block-column is-layout-flow wp-container-core-column-is-layout-22223934 wp-block-column-is-layout-flow\" style=\"flex-basis:66.66%\">\n<h3 class=\"wp-block-heading has-small-plus-font-size\">Sostenibilit\u00e0<\/h3>\n\n\n\n<p class=\"has-tiny-plus-font-size\">Ogni prodotto \u00e8 realizzato con materiali ecosostenibili e a basso impatto ambientale.<\/p>\n<\/div>\n<\/div>\n<\/div>\n<\/div>\n\n\n\n<div class=\"wp-block-column is-layout-flow wp-block-column-is-layout-flow\">\n<div class=\"wp-block-group lemmony-animation has-global-padding is-layout-constrained wp-container-core-group-is-layout-69c143c2 wp-block-group-is-layout-constrained\" style=\"border-radius:24px;padding-top:35px;padding-right:0;padding-bottom:35px;padding-left:0;--lemmony-animation-name:lemmonyFadeIn;animation-delay:var(--lemmony-delay-xsmall)\">\n<div class=\"wp-block-columns is-layout-flex wp-container-core-columns-is-layout-87beb0d0 wp-block-columns-is-layout-flex\">\n<div class=\"wp-block-column is-layout-flow wp-block-column-is-layout-flow\" style=\"flex-basis:36px\">\n<div class=\"wp-block-lemmony-companion-icon has-medium-plus-font-size\"><div class=\"lemmony-icon-wrapper\"><svg xmlns=\"http:\/\/www.w3.org\/2000\/svg\" viewBox=\"0 0 32 32\" data-reactroot=\"\"><path d=\"M14.228,30.5c-0.109,0-0.22-0.018-0.328-0.055c-0.433-0.15-0.708-0.576-0.668-1.033l0.904-10.288H7.542 c-0.367,0-0.705-0.201-0.88-0.524c-0.174-0.323-0.158-0.716,0.043-1.023L16.931,1.952c0.251-0.384,0.731-0.548,1.164-0.397 c0.434,0.15,0.709,0.576,0.669,1.032L17.86,12.87h6.599c0.367,0,0.705,0.201,0.88,0.524s0.158,0.716-0.043,1.023l-10.23,15.63 C14.876,30.336,14.558,30.5,14.228,30.5z M9.391,17.124h5.836c0.28,0,0.548,0.118,0.737,0.324c0.189,0.207,0.283,0.484,0.259,0.764 l-0.651,7.407l7.036-10.75h-5.841c-0.28,0-0.548-0.118-0.737-0.325c-0.189-0.207-0.283-0.483-0.259-0.763l0.651-7.401L9.391,17.124 z\"><\/path><\/svg><\/div><\/div>\n<\/div>\n\n\n\n<div class=\"wp-block-column is-layout-flow wp-container-core-column-is-layout-22223934 wp-block-column-is-layout-flow\" style=\"flex-basis:66.66%\">\n<h3 class=\"wp-block-heading\" style=\"font-size:clamp(0.929rem, 0.929rem + ((1vw - 0.2rem) * 0.589), 1.4rem);\">Personalizzazione<\/h3>\n\n\n\n<p class=\"has-tiny-plus-font-size\">Offriamo soluzioni su misura per ogni esigenza, dal logo aziendale ai messaggi promozionali.<\/p>\n<\/div>\n<\/div>\n<\/div>\n<\/div>\n\n\n\n<div class=\"wp-block-column is-layout-flow wp-block-column-is-layout-flow\">\n<div class=\"wp-block-group lemmony-animation has-global-padding is-layout-constrained wp-container-core-group-is-layout-6eca781a wp-block-group-is-layout-constrained\" style=\"border-radius:24px;padding-top:40px;padding-right:0;padding-bottom:40px;padding-left:0;--lemmony-animation-name:lemmonyFadeIn;animation-delay:var(--lemmony-delay-xsmall)\">\n<div class=\"wp-block-columns is-layout-flex wp-container-core-columns-is-layout-87beb0d0 wp-block-columns-is-layout-flex\">\n<div class=\"wp-block-column is-layout-flow wp-block-column-is-layout-flow\" style=\"flex-basis:36px\">\n<div class=\"wp-block-lemmony-companion-icon has-medium-plus-font-size\"><div class=\"lemmony-icon-wrapper\"><svg xmlns=\"http:\/\/www.w3.org\/2000\/svg\" viewBox=\"0 0 32 32\" data-reactroot=\"\"><path d=\"M16.001,30.69c-0.797,0-1.593-0.234-2.273-0.703l-2.384-1.646c-0.234-0.162-0.496-0.271-0.778-0.322l-2.848-0.521 c-1.625-0.298-2.917-1.589-3.214-3.214l-0.521-2.85c-0.051-0.276-0.162-0.545-0.322-0.776l-1.646-2.384 c-0.939-1.359-0.939-3.186,0-4.545c0,0,0,0,0,0l1.646-2.384c0.162-0.234,0.27-0.496,0.321-0.775l0.522-2.85 c0.297-1.625,1.588-2.917,3.214-3.215l2.85-0.521c0.281-0.051,0.542-0.159,0.776-0.321l2.384-1.646c1.36-0.939,3.187-0.939,4.546,0 l2.384,1.646c0.231,0.16,0.5,0.271,0.776,0.321l2.85,0.521c1.625,0.298,2.916,1.59,3.214,3.215l0.521,2.849 c0.052,0.281,0.16,0.542,0.322,0.777l1.646,2.383c0.938,1.36,0.938,3.187,0,4.546l-1.646,2.384 c-0.162,0.233-0.271,0.496-0.322,0.778l-0.521,2.848c-0.298,1.625-1.589,2.917-3.214,3.214l-2.85,0.521 c-0.28,0.052-0.543,0.16-0.776,0.322l-2.384,1.646C17.593,30.456,16.797,30.69,16.001,30.69z M3.66,14.864L3.66,14.864 c-0.469,0.68-0.469,1.594,0,2.273l1.646,2.384c0.325,0.471,0.541,0.993,0.643,1.554l0.521,2.849 c0.149,0.812,0.794,1.458,1.607,1.607l2.85,0.521c0.562,0.104,1.084,0.319,1.552,0.643l2.384,1.646c0.68,0.472,1.595,0.471,2.272,0 l2.384-1.646c0.469-0.322,0.99-0.539,1.552-0.643l2.852-0.521c0.812-0.149,1.457-0.795,1.606-1.607l0.521-2.849 c0.104-0.563,0.32-1.085,0.643-1.554l1.646-2.384c0.47-0.679,0.469-1.593,0-2.273l-1.646-2.383 c-0.323-0.468-0.539-0.99-0.643-1.551L25.53,8.078c-0.149-0.813-0.795-1.459-1.606-1.607l-2.85-0.521 c-0.562-0.103-1.084-0.319-1.554-0.644L17.136,3.66c-0.679-0.469-1.593-0.468-2.273,0l-2.383,1.646 c-0.47,0.325-0.992,0.541-1.554,0.644L8.078,6.471C7.265,6.619,6.62,7.265,6.471,8.078l-0.522,2.85 c-0.102,0.56-0.318,1.083-0.642,1.552L3.66,14.864z M12.172,20.829c-0.256,0-0.512-0.098-0.707-0.293 c-0.391-0.391-0.391-1.023,0-1.414l7.656-7.656c0.391-0.391,1.023-0.391,1.414,0s0.391,1.023,0,1.414l-7.656,7.656 C12.684,20.731,12.428,20.829,12.172,20.829z M19.552,20.753c-0.256,0-0.512-0.098-0.707-0.293c-0.391-0.391-0.391-1.023,0-1.414 l0.2-0.2c0.391-0.391,1.023-0.391,1.414,0s0.391,1.023,0,1.414l-0.2,0.2C20.064,20.655,19.808,20.753,19.552,20.753z M12.294,13.494c-0.256,0-0.512-0.098-0.707-0.293c-0.391-0.391-0.391-1.023,0-1.414l0.2-0.2c0.391-0.391,1.023-0.391,1.414,0 s0.391,1.023,0,1.414l-0.2,0.2C12.805,13.396,12.549,13.494,12.294,13.494z\"><\/path><\/svg><\/div><\/div>\n<\/div>\n\n\n\n<div class=\"wp-block-column is-layout-flow wp-container-core-column-is-layout-40b34d5b wp-block-column-is-layout-flow\" style=\"padding-top:0;padding-right:0;padding-bottom:0;padding-left:0;flex-basis:66.66%\">\n<h3 class=\"wp-block-heading has-small-plus-font-size\">Impegno Sociale<\/h3>\n\n\n\n<p class=\"has-tiny-plus-font-size\">Sosteniamo progetti e iniziative che promuovono la salvaguardia del nostro pianeta, contribuendo attivamente alla causa della sostenibilit\u00e0.<\/p>\n<\/div>\n<\/div>\n<\/div>\n<\/div>\n\n\n\n<div class=\"wp-block-column is-layout-flow wp-block-column-is-layout-flow\">\n<div class=\"wp-block-group lemmony-animation has-global-padding is-layout-constrained wp-container-core-group-is-layout-6eca781a wp-block-group-is-layout-constrained\" style=\"border-radius:24px;padding-top:40px;padding-right:0;padding-bottom:40px;padding-left:0;--lemmony-animation-name:lemmonyFadeIn;animation-delay:var(--lemmony-delay-xsmall)\">\n<div class=\"wp-block-columns is-layout-flex wp-container-core-columns-is-layout-87beb0d0 wp-block-columns-is-layout-flex\">\n<div class=\"wp-block-column is-layout-flow wp-block-column-is-layout-flow\" style=\"flex-basis:36px\">\n<div class=\"wp-block-lemmony-companion-icon has-medium-plus-font-size\"><div class=\"lemmony-icon-wrapper\"><svg xmlns=\"http:\/\/www.w3.org\/2000\/svg\" viewBox=\"0 0 32 32\" data-reactroot=\"\"><path d=\"M11.448,27.938c-2.67,0-5.341-0.688-7.723-2.063c-0.495-0.286-0.939-0.645-1.32-1.064c-0.86-0.948-1.127-2.253-0.713-3.491 c0.429-1.279,1.511-2.23,2.826-2.48l0.141-0.026c4.599-0.877,9.26-0.863,13.856,0.038c1.278,0.25,2.298,1.138,2.727,2.373 c0.42,1.21,0.178,2.509-0.649,3.473c-0.404,0.471-0.882,0.867-1.421,1.179C16.789,27.249,14.118,27.938,11.448,27.938z M4.89,20.803c-0.722,0.138-1.146,0.685-1.302,1.15c-0.087,0.261-0.232,0.929,0.298,1.513c0.242,0.267,0.524,0.494,0.839,0.677 c4.146,2.393,9.299,2.393,13.446-0.001c0.343-0.197,0.646-0.45,0.903-0.749c0.363-0.424,0.465-0.976,0.277-1.514 c-0.192-0.556-0.649-0.954-1.222-1.066c-4.343-0.851-8.751-0.864-13.099-0.036L4.89,20.803z M24.569,25.372 c-0.498,0-0.929-0.37-0.991-0.877c-0.068-0.548,0.321-1.048,0.869-1.115c1.176-0.146,2.293-0.521,3.32-1.113 c0.242-0.14,0.451-0.325,0.618-0.551c0.171-0.229,0.115-0.476,0.066-0.603c-0.08-0.206-0.28-0.448-0.603-0.512 c-1.098-0.215-2.206-0.351-3.308-0.405c-0.552-0.028-0.977-0.497-0.949-1.049c0.028-0.553,0.505-0.989,1.049-0.949 c1.197,0.061,2.401,0.208,3.581,0.438c0.949,0.186,1.747,0.857,2.095,1.756c0.331,0.855,0.209,1.797-0.326,2.517 c-0.332,0.446-0.743,0.812-1.224,1.09c-1.261,0.727-2.631,1.187-4.074,1.365C24.651,25.37,24.61,25.372,24.569,25.372z M23.657,15.53c-2.323,0-4.214-1.89-4.214-4.214s1.891-4.214,4.214-4.214s4.214,1.89,4.214,4.214S25.98,15.53,23.657,15.53z M23.657,9.102c-1.221,0-2.214,0.993-2.214,2.214s0.993,2.214,2.214,2.214s2.214-0.993,2.214-2.214S24.877,9.102,23.657,9.102z M11.319,15.53c-3.162,0-5.734-2.572-5.734-5.734s2.572-5.734,5.734-5.734s5.733,2.572,5.733,5.734S14.48,15.53,11.319,15.53z M11.319,6.062c-2.059,0-3.734,1.675-3.734,3.734s1.675,3.734,3.734,3.734s3.734-1.675,3.734-3.734S13.378,6.062,11.319,6.062z\"><\/path><\/svg><\/div><\/div>\n<\/div>\n\n\n\n<div class=\"wp-block-column is-layout-flow wp-container-core-column-is-layout-22223934 wp-block-column-is-layout-flow\" style=\"flex-basis:66.66%\">\n<h3 class=\"wp-block-heading has-small-plus-font-size\">Qualit\u00e0<\/h3>\n\n\n\n<p class=\"has-tiny-plus-font-size\">Garantiamo articoli resistenti e durevoli, pensati per essere utili e utilizzabili nel tempo.<\/p>\n<\/div>\n<\/div>\n<\/div>\n<\/div>\n<\/div>\n<\/div>\n\n\n\n<div class=\"wp-block-columns alignwide is-layout-flex wp-container-core-columns-is-layout-28f84493 wp-block-columns-is-layout-flex\">\n<div class=\"wp-block-column is-layout-flow wp-block-column-is-layout-flow\" style=\"flex-basis:60%\">\nngg_shortcode_0_placeholder\n<\/div>\n\n\n\n<div class=\"wp-block-column is-layout-flow wp-block-column-is-layout-flow\" style=\"flex-basis:40%\">\n<p>Siamo un&#8217;azienda impegnata nella fornitura e personalizzazione di articoli gadget realizzati con materiali ecosostenibili, pensati per promuovere un futuro pi\u00f9 rispettoso dell&#8217;ambiente. La nostra missione \u00e8 offrire soluzioni innovative e di qualit\u00e0 che rispondano alle esigenze di chi cerca un&#8217;alternativa ecologica senza rinunciare alla funzionalit\u00e0 e allo stile.Ogni prodotto che offriamo \u00e8 realizzato con materiali riciclati, biodegradabili o provenienti da fonti rinnovabili, riducendo cos\u00ec l&#8217;impatto ambientale. Che si tratti di borse in cotone organico, penne in plastica riciclata, taccuini in carta ecologica o bottiglie riutilizzabili, garantiamo che ogni articolo sia non solo esteticamente accattivante, ma anche realizzato con un occhio di riguardo per la natura.<br>Oltre a essere sostenibili, i nostri gadget sono completamente personalizzabili per rispondere alle specifiche necessit\u00e0 dei nostri clienti. Sia che tu stia cercando un modo originale per promuovere il tuo marchio, sia che tu voglia regalare un pensiero che faccia la differenza, possiamo creare articoli unici con il tuo logo, il tuo messaggio o il design che meglio rappresenta la tua azienda.<\/p>\n<\/div>\n<\/div>\n\n\n\n<div style=\"height:100px\" aria-hidden=\"true\" class=\"wp-block-spacer\"><\/div>\n\n\n\n<div class=\"wp-block-columns alignwide is-layout-flex wp-container-core-columns-is-layout-0111f410 wp-block-columns-is-layout-flex\" id=\"faq\" style=\"padding-right:var(--wp--preset--spacing--50);padding-left:var(--wp--preset--spacing--50)\">\n<div class=\"wp-block-column is-layout-flow wp-block-column-is-layout-flow\" style=\"flex-basis:36.16%\">\n<div class=\"wp-block-group is-nowrap is-layout-flex wp-container-core-group-is-layout-6c531013 wp-block-group-is-layout-flex\"><\/div>\n\n\n\n<h2 class=\"wp-block-heading lemmony-animation\" style=\"--lemmony-animation-name:lemmonyFadeInUp\">che tipo di stampa<\/h2>\n\n\n\n<p class=\"lemmony-animation\" style=\"--lemmony-animation-name:lemmonyFadeInUp\">ad ognuno la sua stampa <\/p>\n<\/div>\n\n\n\n<div class=\"wp-block-column lemmony-animation is-layout-flow wp-block-column-is-layout-flow\" style=\"flex-basis:63.84%;--lemmony-animation-name:lemmonyFadeIn\">\n<div class=\"wp-block-lemmony-companion-accordion\"><div class=\"lemmony-accordion-container\"><h2 class=\"lemmony-accordion-title\">Serigrafia<\/h2><div class=\"lemmony-accordion-content\">\n<div class=\"wp-block-media-text is-stacked-on-mobile is-vertically-aligned-top\" style=\"grid-template-columns:15% auto\"><figure class=\"wp-block-media-text__media\"><img loading=\"lazy\" decoding=\"async\" width=\"367\" height=\"367\" src=\"http:\/\/www.elleci.net\/wp-content\/uploads\/2025\/10\/Senza-titolo-5-01.png\" alt=\"\" class=\"wp-image-354 size-full\" srcset=\"http:\/\/www.elleci.net\/wp-content\/uploads\/2025\/10\/Senza-titolo-5-01.png 367w, http:\/\/www.elleci.net\/wp-content\/uploads\/2025\/10\/Senza-titolo-5-01-300x300.png 300w, http:\/\/www.elleci.net\/wp-content\/uploads\/2025\/10\/Senza-titolo-5-01-150x150.png 150w\" sizes=\"auto, (max-width: 367px) 100vw, 367px\" \/><\/figure><div class=\"wp-block-media-text__content\">\n<p>La serigrafia o stampa serigrafica \u00e8 un&#8217;antica tecnica artigianale di stampa di immagini e grafiche su qualsiasi supporto o superficie, utilizzata nel nostro laboratorio per la personalizzazione di oggettistica, abbigliamento promozionale e per il lavoro.<br>Per la fidelizzazione del cliente, fiere, congressi, promozione nel punto vendita, il gadget personalizzato rappresenta ancora oggi un valido strumento di comunicazione.<br>Forniamo oggettistica personalizzata, centinaia di articoli di produzione nazionale o estera in piccole e grandi quantit\u00e0.<\/p>\n<\/div><\/div>\n<\/div><\/div><div class=\"lemmony-accordion-icon\"><\/div><\/div>\n\n\n\n<div class=\"wp-block-lemmony-companion-accordion\"><div class=\"lemmony-accordion-container\"><h2 class=\"lemmony-accordion-title\">Ricamo<\/h2><div class=\"lemmony-accordion-content\">\n<div class=\"wp-block-media-text is-stacked-on-mobile is-vertically-aligned-top\" style=\"grid-template-columns:15% auto\"><figure class=\"wp-block-media-text__media\"><img loading=\"lazy\" decoding=\"async\" width=\"367\" height=\"367\" src=\"http:\/\/www.elleci.net\/wp-content\/uploads\/2025\/10\/Senza-titolo-5-04.png\" alt=\"\" class=\"wp-image-357 size-full\" srcset=\"http:\/\/www.elleci.net\/wp-content\/uploads\/2025\/10\/Senza-titolo-5-04.png 367w, http:\/\/www.elleci.net\/wp-content\/uploads\/2025\/10\/Senza-titolo-5-04-300x300.png 300w, http:\/\/www.elleci.net\/wp-content\/uploads\/2025\/10\/Senza-titolo-5-04-150x150.png 150w\" sizes=\"auto, (max-width: 367px) 100vw, 367px\" \/><\/figure><div class=\"wp-block-media-text__content\">\n<p>Alcuni capi di abbigliamento e articoli promozionali possono richiedere una personalizzazione diversa dalla stampa serigrafica o dal transfer.<br>Con l&#8217;utilizzo di macchine industriali, filati studiati e testati, si pu\u00f2 contare su una durata elevata nel tempo della personalizzazione e donare un valore aggiunto in termini di qualit\u00e0 ed estetica ai capi ed agli oggetti sottoposti a tale lavorazione.<br>L&#8217;utilizzo di macchine multitesta che utilizzano fino a 12 colori, abbattono i tempi di realizzazione anche per elevati quantitativi.<br>Realizziamo:<br>-ricamo diretto su capo<br>-ricamo ed applicazione a lettere singole in feltro morbido su felpe e magliette<br>-patch e scudetti base nylon, feltro o cotone<\/p>\n<\/div><\/div>\n<\/div><\/div><div class=\"lemmony-accordion-icon\"><\/div><\/div>\n\n\n\n<div class=\"wp-block-lemmony-companion-accordion\"><div class=\"lemmony-accordion-container\"><h2 class=\"lemmony-accordion-title\">Stampa DTG \/ DTF<\/h2><div class=\"lemmony-accordion-content\">\n<div class=\"wp-block-media-text is-stacked-on-mobile is-vertically-aligned-top\" style=\"grid-template-columns:15% auto\"><figure class=\"wp-block-media-text__media\"><img loading=\"lazy\" decoding=\"async\" width=\"367\" height=\"367\" src=\"http:\/\/www.elleci.net\/wp-content\/uploads\/2025\/10\/Senza-titolo-5-07.png\" alt=\"\" class=\"wp-image-360 size-full\" srcset=\"http:\/\/www.elleci.net\/wp-content\/uploads\/2025\/10\/Senza-titolo-5-07.png 367w, http:\/\/www.elleci.net\/wp-content\/uploads\/2025\/10\/Senza-titolo-5-07-300x300.png 300w, http:\/\/www.elleci.net\/wp-content\/uploads\/2025\/10\/Senza-titolo-5-07-150x150.png 150w\" sizes=\"auto, (max-width: 367px) 100vw, 367px\" \/><\/figure><div class=\"wp-block-media-text__content\">\n<p>il nuovo sistema per la realizzare stampe di qualit\u00e0 su tessuti.<br>Fino ad oggi la selezione colore, preparazione pellicole ed incisione telai per la serigrafia, costituivano un limite alla realizzazione di creativit\u00e0 su tessuti, t-shirt e capi di abbigliamento in genere rendendo necessaria la produzione di alti quantitativi per il contenimento dei costi.<br>Con la tecnologia DTG (Direct To Garment) siamo in grado di realizzare stampe in quadricromia digitale su tessuti chiari e tessuti scuri, garantendo alta qualit\u00e0 ed abbattimento dei costi.<br>Diamo spazio alla creativit\u00e0<br>Nessun limite per quantit\u00e0 e colori<br>Realizzazione di capi unici, tirature limitate e campionature<\/p>\n<\/div><\/div>\n<\/div><\/div><div class=\"lemmony-accordion-icon\"><\/div><\/div>\n<\/div>\n<\/div>\n\n\n\n<div class=\"wp-block-columns alignwide are-vertically-aligned-center has-midground-background-color has-background is-layout-flex wp-container-core-columns-is-layout-b0bab6eb wp-block-columns-is-layout-flex\" style=\"margin-top:var(--wp--preset--spacing--40);margin-bottom:var(--wp--preset--spacing--40)\">\n<div class=\"wp-block-column is-vertically-aligned-center is-layout-flow wp-block-column-is-layout-flow\" style=\"flex-basis:30%\">\n<h2 class=\"wp-block-heading has-text-align-right has-medium-plus-font-size\">Perch\u00e8 Scegliere noi<\/h2>\n<\/div>\n\n\n\n<div class=\"wp-block-column is-vertically-aligned-center is-layout-flow wp-block-column-is-layout-flow\" style=\"flex-basis:70%\">\n<details class=\"wp-block-details is-layout-flow wp-block-details-is-layout-flow\"><summary><strong>Personalizzazione Totale:<\/strong><br><\/summary>\n<p>Ogni progetto \u00e8 unico. Offriamo soluzioni completamente personalizzabili per garantire che ogni elemento della comunicazione visiva rispecchi l&#8217;immagine e i valori del vostro brand.<\/p>\n<\/details>\n\n\n\n<details class=\"wp-block-details is-layout-flow wp-block-details-is-layout-flow\"><summary><strong>Flessibilit\u00e0:<\/strong><br><\/summary>\n<p>Le nostre soluzioni modulari sono pensate per adattarsi a spazi di tutte le dimensioni e a qualsiasi tipo di esigenza, con prodotti facili da trasportare e da montare.<\/p>\n<\/details>\n\n\n\n<details class=\"wp-block-details is-layout-flow wp-block-details-is-layout-flow\"><summary><strong><strong>Qualit\u00e0 e Durabilit\u00e0<\/strong>:<\/strong><br><\/summary>\n<p>Utilizziamo solo materiali di alta qualit\u00e0, che assicurano una lunga durata e una resa eccellente nel tempo, anche in ambienti esterni o in condizioni climatiche difficili.<\/p>\n<\/details>\n<\/div>\n<\/div>\n","protected":false},"excerpt":{"rendered":"<p>Sostenibilit\u00e0 Ogni prodotto \u00e8 realizzato con materiali ecosostenibili e a basso impatto ambientale. Personalizzazione Offriamo soluzioni su misura per ogni esigenza, dal logo aziendale ai messaggi promozionali. Impegno Sociale Sosteniamo progetti e iniziative che promuovono la salvaguardia del nostro pianeta, contribuendo attivamente alla causa della sostenibilit\u00e0. Qualit\u00e0 Garantiamo articoli resistenti e durevoli, pensati per essere [&hellip;]<\/p>\n","protected":false},"author":1,"featured_media":0,"parent":0,"menu_order":0,"comment_status":"closed","ping_status":"closed","template":"","meta":{"ngg_post_thumbnail":0,"footnotes":""},"class_list":["post-76","page","type-page","status-publish","hentry"],"_links":{"self":[{"href":"http:\/\/www.elleci.net\/index.php?rest_route=\/wp\/v2\/pages\/76","targetHints":{"allow":["GET"]}}],"collection":[{"href":"http:\/\/www.elleci.net\/index.php?rest_route=\/wp\/v2\/pages"}],"about":[{"href":"http:\/\/www.elleci.net\/index.php?rest_route=\/wp\/v2\/types\/page"}],"author":[{"embeddable":true,"href":"http:\/\/www.elleci.net\/index.php?rest_route=\/wp\/v2\/users\/1"}],"replies":[{"embeddable":true,"href":"http:\/\/www.elleci.net\/index.php?rest_route=%2Fwp%2Fv2%2Fcomments&post=76"}],"version-history":[{"count":27,"href":"http:\/\/www.elleci.net\/index.php?rest_route=\/wp\/v2\/pages\/76\/revisions"}],"predecessor-version":[{"id":505,"href":"http:\/\/www.elleci.net\/index.php?rest_route=\/wp\/v2\/pages\/76\/revisions\/505"}],"wp:attachment":[{"href":"http:\/\/www.elleci.net\/index.php?rest_route=%2Fwp%2Fv2%2Fmedia&parent=76"}],"curies":[{"name":"wp","href":"https:\/\/api.w.org\/{rel}","templated":true}]}}