{"id":102,"date":"2025-03-03T23:45:58","date_gmt":"2025-03-03T22:45:58","guid":{"rendered":"http:\/\/www.elleci.net\/?page_id=102"},"modified":"2026-02-09T18:35:57","modified_gmt":"2026-02-09T17:35:57","slug":"102-2","status":"publish","type":"page","link":"http:\/\/www.elleci.net\/?page_id=102","title":{"rendered":"chi siamo"},"content":{"rendered":"\n<div class=\"wp-block-group alignfull has-global-padding is-content-justification-center is-layout-constrained wp-block-group-is-layout-constrained\" style=\"margin-top:0;margin-bottom:0\">\n<div class=\"wp-block-group alignwide is-layout-flow wp-block-group-is-layout-flow\">\n<div class=\"wp-block-cover alignfull lemmony-parallax\" style=\"padding-top:var(--wp--preset--spacing--70);padding-right:0;padding-bottom:var(--wp--preset--spacing--70);padding-left:0;min-height:30vw;aspect-ratio:unset;\"><img decoding=\"async\" class=\"wp-block-cover__image-background wp-image-3010\" alt=\"\" src=\"http:\/\/www.elleci.net\/wp-content\/themes\/lemmony-agency\/assets\/media\/content\/about-bg.jpg\" data-object-fit=\"cover\"\/><span aria-hidden=\"true\" class=\"wp-block-cover__background has-primary-background-color has-background-dim-0 has-background-dim\"><\/span><div class=\"wp-block-cover__inner-container is-layout-flow wp-block-cover-is-layout-flow\">\n<div class=\"wp-block-group has-global-padding is-layout-constrained wp-container-core-group-is-layout-c19476fc wp-block-group-is-layout-constrained\">\n<h1 class=\"wp-block-heading has-text-align-center lemmony-animation lemmonyFadeInUp has-huge-plus-font-size lemmony-animation\" style=\"--lemmony-animation-name:lemmonyFadeInUp\">chi siamo<\/h1>\n\n\n\n<p class=\"has-text-align-center lemmony-animation lemmonyFadeInUp has-medium-font-size lemmony-animation\" style=\"--lemmony-animation-name:lemmonyFadeInUp;animation-delay:var(--lemmony-delay-xsmall)\"><\/p>\n<\/div>\n<\/div><\/div>\n\n\n\n<div class=\"wp-block-columns alignwide are-vertically-aligned-top is-layout-flex wp-container-core-columns-is-layout-9a01b68c wp-block-columns-is-layout-flex\">\n<div class=\"wp-block-column is-vertically-aligned-top has-global-padding is-content-justification-left is-layout-constrained wp-container-core-column-is-layout-95996b15 wp-block-column-is-layout-constrained\">\n<p class=\"has-text-align-right has-medium-plus-font-size\" style=\"font-style:italic;font-weight:300\">Da oltre 40 anni alleati del tuo brand<\/p>\n<\/div>\n\n\n\n<div class=\"wp-block-column is-vertically-aligned-top is-layout-flow wp-block-column-is-layout-flow\" style=\"flex-basis:75%\">\n<p class=\"has-text-align-left\">Dal 1983 aiutiamo le aziende a comunicare, crescere e distinguersi. Siamo artigiani tecnologici: un mix di creativit\u00e0, esperienza e innovazione.<br>Ogni giorno affianchiamo i nostri clienti con soluzioni su misura, trasformando idee in strumenti di comunicazione chefunzionano davvero.<br>Il nostro impegno:<\/p>\n\n\n\n<ul class=\"wp-block-list\">\n<li>garantirti affidabilit\u00e0, puntualit\u00e0 e qualit\u00e0<\/li>\n<\/ul>\n\n\n\n<ul class=\"wp-block-list\">\n<li>ascoltare i tuoi bisogni reali<\/li>\n<\/ul>\n\n\n\n<ul class=\"wp-block-list\">\n<li>offrirti soluzioni innovative, concrete e integrate<\/li>\n<\/ul>\n\n\n\n<p class=\"has-text-align-left\"><\/p>\n\n\n\n<p class=\"has-text-align-left\"><\/p>\n\n\n\n<p class=\"has-text-align-left\"><\/p>\n<\/div>\n<\/div>\n\n\n\n<div class=\"wp-block-columns alignwide are-vertically-aligned-top is-layout-flex wp-container-core-columns-is-layout-5ae543df wp-block-columns-is-layout-flex\" style=\"margin-top:var(--wp--preset--spacing--70);margin-bottom:var(--wp--preset--spacing--70)\">\n<div class=\"wp-block-column is-vertically-aligned-top has-global-padding is-content-justification-left is-layout-constrained wp-container-core-column-is-layout-95996b15 wp-block-column-is-layout-constrained\">\n<p class=\"has-text-align-right has-medium-plus-font-size\" style=\"font-style:italic;font-weight:300\">Ci hanno scelto,<br>ci rinnovano la fiducia<\/p>\n<\/div>\n\n\n\n<div class=\"wp-block-column is-vertically-aligned-top is-layout-flow wp-block-column-is-layout-flow\" style=\"flex-basis:75%\">\n<p class=\"has-text-align-left\">Da piccole realt\u00e0 a grandi brand, ogni cliente trova in noi un partner affidabile.<br>Ogni progetto \u00e8 unico, ma la promessa \u00e8 sempre la stessa: qualit\u00e0, puntualit\u00e0 e creativit\u00e0.<\/p>\n\n\n\nngg_shortcode_0_placeholder\n<\/div>\n<\/div>\n<\/div>\n\n\n\n<div style=\"height:var(--wp--preset--spacing--20)\" aria-hidden=\"true\" class=\"wp-block-spacer\"><\/div>\n<\/div>\n","protected":false},"excerpt":{"rendered":"<p>Da oltre 40 anni alleati del tuo brand Dal 1983 aiutiamo le aziende a comunicare, crescere e distinguersi. Siamo artigiani tecnologici: un mix di creativit\u00e0, esperienza e innovazione.Ogni giorno affianchiamo i nostri clienti con soluzioni su misura, trasformando idee in strumenti di comunicazione chefunzionano davvero.Il nostro impegno: Ci hanno scelto,ci rinnovano la fiducia Da piccole [&hellip;]<\/p>\n","protected":false},"author":1,"featured_media":0,"parent":0,"menu_order":0,"comment_status":"closed","ping_status":"closed","template":"","meta":{"ngg_post_thumbnail":0,"footnotes":""},"class_list":["post-102","page","type-page","status-publish","hentry"],"_links":{"self":[{"href":"http:\/\/www.elleci.net\/index.php?rest_route=\/wp\/v2\/pages\/102","targetHints":{"allow":["GET"]}}],"collection":[{"href":"http:\/\/www.elleci.net\/index.php?rest_route=\/wp\/v2\/pages"}],"about":[{"href":"http:\/\/www.elleci.net\/index.php?rest_route=\/wp\/v2\/types\/page"}],"author":[{"embeddable":true,"href":"http:\/\/www.elleci.net\/index.php?rest_route=\/wp\/v2\/users\/1"}],"replies":[{"embeddable":true,"href":"http:\/\/www.elleci.net\/index.php?rest_route=%2Fwp%2Fv2%2Fcomments&post=102"}],"version-history":[{"count":22,"href":"http:\/\/www.elleci.net\/index.php?rest_route=\/wp\/v2\/pages\/102\/revisions"}],"predecessor-version":[{"id":484,"href":"http:\/\/www.elleci.net\/index.php?rest_route=\/wp\/v2\/pages\/102\/revisions\/484"}],"wp:attachment":[{"href":"http:\/\/www.elleci.net\/index.php?rest_route=%2Fwp%2Fv2%2Fmedia&parent=102"}],"curies":[{"name":"wp","href":"https:\/\/api.w.org\/{rel}","templated":true}]}}